{"id":219,"date":"2026-03-28T12:44:50","date_gmt":"2026-03-28T11:44:50","guid":{"rendered":"https:\/\/www.boonsictbeheer.nl\/?page_id=219"},"modified":"2026-03-29T12:55:06","modified_gmt":"2026-03-29T10:55:06","slug":"danismanlik","status":"publish","type":"page","link":"https:\/\/www.boonsictbeheer.nl\/tr\/consultancy\/","title":{"rendered":"Dan\u0131\u015fmanl\u0131k"},"content":{"rendered":"<p>Hizmetler ve Uzmanl\u0131k Alanlar\u0131<\/p>\n\n\n\n<p>Boons ICT Beheer, kurulu\u015flar\u0131n dijital kimliklerini haz\u0131rl\u0131k, korunma, tespit, m\u00fcdahale ve kurtarma dahil olmak \u00fczere t\u00fcm g\u00fcvenlik ya\u015fam d\u00f6ng\u00fcs\u00fc boyunca g\u00fcvence alt\u0131na almalar\u0131na yard\u0131mc\u0131 olur. G\u00fcvene, dayan\u0131kl\u0131l\u0131\u011fa ve uzun vadeli s\u00fcrd\u00fcr\u00fclebilirli\u011fe dayanan g\u00fcvenlik \u00e7\u00f6z\u00fcmleri tasarlar ve i\u015fletiriz.<br>Odak noktam\u0131z A\u00e7\u0131k Anahtar Altyap\u0131s\u0131 (PKI), dijital kimlik ve uyumluluk odakl\u0131 g\u00fcvenliktir. Kurulu\u015flar\u0131n g\u00fcvenilir, denetlenebilir ve kritik operasyonlara uygun PKI ortamlar\u0131 tasarlamalar\u0131na, uygulamalar\u0131na ve y\u00f6netmelerine yard\u0131mc\u0131 oluyoruz. Teknik uzmanl\u0131\u011f\u0131 a\u00e7\u0131k y\u00f6neti\u015fim ve ya\u015fam d\u00f6ng\u00fcs\u00fc y\u00f6netimi ile birle\u015ftirerek, sertifikalar\u0131n ve kimliklerin t\u00fcm kullan\u0131m \u00f6m\u00fcrleri boyunca g\u00fcvende kalmas\u0131n\u0131 sa\u011fl\u0131yoruz.<br>G\u00fcvenlik, tek ba\u015f\u0131na bir \u00fcr\u00fcn olarak de\u011fil, risk stratejisi, operasyonel s\u00fcre\u00e7ler ve yasal d\u00fczenlemelerle uyumlu, BT altyap\u0131n\u0131z\u0131n entegre bir par\u00e7as\u0131 olarak ele al\u0131n\u0131r.<\/p>\n\n\n\n<p>PKI, kimlik ve uyumlulu\u011fa g\u00fc\u00e7l\u00fc bir \u015fekilde odaklanarak g\u00fcvenlik mimarilerini de\u011ferlendirmek, tasarlamak ve uygulamak<br>Public Key Infrastructure ortamlar\u0131n\u0131 uygulay\u0131n ve y\u00f6netin<br>PKI politikalar\u0131n\u0131, s\u00fcre\u00e7lerini ve y\u00f6neti\u015fim yap\u0131lar\u0131n\u0131 tan\u0131mlay\u0131n<br>PKI iyile\u015ftirmelerini ger\u00e7ekle\u015ftirin, bunlar\u0131n aras\u0131nda y\u00fckseltmeler, sertifika ya\u015fam d\u00f6ng\u00fcs\u00fc y\u00f6netimi ve s\u00fcre\u00e7 optimizasyonu yer almaktad\u0131r<br>Teknik ve risk payda\u015flar\u0131yla i\u015fbirli\u011fi i\u00e7inde g\u00fcvenlik kontrollerini mevcut sistemlere ve i\u015f ak\u0131\u015flar\u0131na entegre etmek<\/p>\n\n\n\n<p>T\u00fcm g\u00fcvenlik ya\u015fam d\u00f6ng\u00fcs\u00fc boyunca g\u00fcvenli dijital kimlik<br>Boons ICT Beheer, kurulu\u015flar\u0131n haz\u0131rl\u0131k, koruma, tespit, m\u00fcdahale ve kurtarma dahil olmak \u00fczere t\u00fcm g\u00fcvenlik ya\u015fam d\u00f6ng\u00fcs\u00fc boyunca dijital kimliklerini g\u00fcvence alt\u0131na almalar\u0131na yard\u0131mc\u0131 olur. G\u00fcven, dayan\u0131kl\u0131l\u0131k ve uzun vadeli s\u00fcrd\u00fcr\u00fclebilirlik \u00fczerine kurulu g\u00fcvenlik \u00e7\u00f6z\u00fcmleri tasarlar ve i\u015fletiriz.<\/p>\n\n\n\n<p>Odak noktam\u0131z Kamu Anahtar Altyap\u0131s\u0131 (PKI), dijital kimlik ve uyumluluk odakl\u0131 g\u00fcvenliktir. Kurulu\u015flar\u0131, g\u00fcvenilir, denetlenebilir ve kritik operasyonlara uygun PKI ortamlar\u0131 tasarlama, uygulama ve y\u00f6netme konusunda destekliyoruz. Derin teknik uzmanl\u0131\u011f\u0131 a\u00e7\u0131k y\u00f6neti\u015fim ve ya\u015fam d\u00f6ng\u00fcs\u00fc y\u00f6netimi ile birle\u015ftirerek sertifikalar\u0131n ve kimliklerin t\u00fcm ya\u015fam d\u00f6ng\u00fcleri boyunca g\u00fcvende kalmas\u0131n\u0131 sa\u011fl\u0131yoruz.<\/p>\n\n\n\n<p>G\u00fcvenlik ba\u011f\u0131ms\u0131z bir \u00fcr\u00fcn olarak de\u011fil, risk stratejisi, operasyonel s\u00fcre\u00e7ler ve yasal gerekliliklerle uyumlu BT ortam\u0131n\u0131n entegre bir par\u00e7as\u0131 olarak ele al\u0131n\u0131r.<\/p>\n\n\n\n<p>PKI, kimlik ve uyumlulu\u011fa odaklanarak g\u00fcvenlik mimarilerini de\u011ferlendirme, tasarlama ve uygulama.\nOrtak Anahtar Altyap\u0131s\u0131 ortamlar\u0131n\u0131 uygulama ve y\u00f6netme.\nPKI politikalar\u0131, s\u00fcre\u00e7leri ve y\u00f6neti\u015fim yap\u0131lar\u0131n\u0131 tan\u0131mlama.\nPKI iyile\u015ftirmelerini, y\u00fckseltmeleri, sertifika ya\u015fam d\u00f6ng\u00fcs\u00fc y\u00f6netimini ve s\u00fcre\u00e7 optimizasyonunu y\u00fcr\u00fctme.\nTeknik ve risk payda\u015flar\u0131yla i\u015fbirli\u011fi i\u00e7inde mevcut sistemlere ve i\u015f ak\u0131\u015flar\u0131na g\u00fcvenlik denetimleri entegre etme.<\/p>","protected":false},"excerpt":{"rendered":"<p>Services &amp; Expertise Boons ICT Beheer helps organizations secure their digital identity across the entire security lifecycle \u2014 from preparation and protection to detection, response, and recovery. We design and operate security solutions that are built on trust, resilience, and long\u2011term maintainability.Our focus lies in Public Key Infrastructure (PKI), digital identity, and compliance\u2011driven security. We [&hellip;]<\/p>\n","protected":false},"author":1,"featured_media":0,"parent":0,"menu_order":0,"comment_status":"closed","ping_status":"closed","template":"","meta":{"footnotes":""},"class_list":["post-219","page","type-page","status-publish","hentry"],"_links":{"self":[{"href":"https:\/\/www.boonsictbeheer.nl\/tr\/wp-json\/wp\/v2\/pages\/219","targetHints":{"allow":["GET"]}}],"collection":[{"href":"https:\/\/www.boonsictbeheer.nl\/tr\/wp-json\/wp\/v2\/pages"}],"about":[{"href":"https:\/\/www.boonsictbeheer.nl\/tr\/wp-json\/wp\/v2\/types\/page"}],"author":[{"embeddable":true,"href":"https:\/\/www.boonsictbeheer.nl\/tr\/wp-json\/wp\/v2\/users\/1"}],"replies":[{"embeddable":true,"href":"https:\/\/www.boonsictbeheer.nl\/tr\/wp-json\/wp\/v2\/comments?post=219"}],"version-history":[{"count":5,"href":"https:\/\/www.boonsictbeheer.nl\/tr\/wp-json\/wp\/v2\/pages\/219\/revisions"}],"predecessor-version":[{"id":334,"href":"https:\/\/www.boonsictbeheer.nl\/tr\/wp-json\/wp\/v2\/pages\/219\/revisions\/334"}],"wp:attachment":[{"href":"https:\/\/www.boonsictbeheer.nl\/tr\/wp-json\/wp\/v2\/media?parent=219"}],"curies":[{"name":"wp","href":"https:\/\/api.w.org\/{rel}","templated":true}]}}