{"id":209,"date":"2026-03-28T11:17:03","date_gmt":"2026-03-28T10:17:03","guid":{"rendered":"https:\/\/www.boonsictbeheer.nl\/?page_id=209"},"modified":"2026-03-28T11:17:03","modified_gmt":"2026-03-28T10:17:03","slug":"benim-hakkimda","status":"publish","type":"page","link":"https:\/\/www.boonsictbeheer.nl\/tr\/about-me\/","title":{"rendered":"Benim hakk\u0131mda"},"content":{"rendered":"<p>KPN'de, y\u00fcksek g\u00fcvenlikli bir ortamda taktiksel ve teknik bir PKI operasyonlar\u0131 uzman\u0131 olarak \u00e7al\u0131\u015f\u0131yorum ve a\u011f\u0131r korumal\u0131 bir veri merkezindeki uygulamalar\u0131 ve sunucular\u0131 y\u00f6netmekle sorumluyum. \u00c7al\u0131\u015fmalar\u0131m, Kamu Anahtar Altyap\u0131s\u0131 (PKI) ve Hollanda'daki en \u00fcst d\u00fczey g\u00fcvenlik seviyesinde sertifikalar\u0131n yay\u0131nlanmas\u0131 ve ya\u015fam d\u00f6ng\u00fcs\u00fc y\u00f6netimi \u00fczerine odaklan\u0131yor.<\/p>\n\n\n\n<p>Bu t\u00fcr ortamlarda \u00e7al\u0131\u015fmak disiplinli ve hassas bir yakla\u015f\u0131m gerektirir. G\u00fcnl\u00fck olarak, biyometrik eri\u015fim kontrollerini, g\u00f6revler ayr\u0131l\u0131\u011f\u0131n\u0131 ve d\u00f6rt g\u00f6z prensibini i\u00e7eren kat\u0131 g\u00fcvenlik \u00e7er\u00e7eveleri dahilinde \u00e7al\u0131\u015f\u0131yorum. Bu kontroller prosed\u00fcrel formaliteler de\u011fil, kritik altyap\u0131 dahilinde g\u00fcveni, hesap verebilirli\u011fi ve operasyonel b\u00fct\u00fcnl\u00fc\u011f\u00fc sa\u011flamak i\u00e7in temel mekanizmalard\u0131r.<\/p>\n\n\n\n<p>Uzmanl\u0131\u011f\u0131m Linux sistem y\u00f6netimi, PKI ve Apache Tomcat, JBoss ve IBM WebSphere gibi ara katman teknolojilerine dayanmaktad\u0131r. Karma\u015f\u0131k teknik zorluklar\u0131 \u00e7\u00f6zerek ve kurulu\u015flar\u0131n ba\u011f\u0131ml\u0131 oldu\u011fu sistemlerin esnekli\u011fini ve g\u00fcvenli\u011fini g\u00fc\u00e7lendirerek hareket ediyorum. Kalite, do\u011fruluk ve uzun vadeli s\u00fcrd\u00fcr\u00fclebilirli\u011fe g\u00fc\u00e7l\u00fc bir \u015fekilde odaklanarak, s\u0131k\u0131 uyumluluk, y\u00f6neti\u015fim ve g\u00fcvenlik gereksinimlerini kar\u015f\u0131layan \u00e7\u00f6z\u00fcmlere \u00e7ok disiplinli ekipler i\u00e7inde katk\u0131da bulunuyorum.<\/p>\n\n\n\n<p>Boons ICT Beheer<br>Tus-it-services B.V.<br>Edwin Boons<br>Stallinge 12<br>5258 JX Berlicum<br>0031642576971<\/p>\n\n\n\n<p><\/p>","protected":false},"excerpt":{"rendered":"<p>I work as a tactical and technical PKI operations specialist within a highly secured environment at KPN, where I am responsible for managing applications and servers in a heavily protected datacenter. My work focuses on Public Key Infrastructure (PKI) and the issuance and lifecycle management of certificates at the highest security level in the Netherlands. [&hellip;]<\/p>\n","protected":false},"author":1,"featured_media":0,"parent":0,"menu_order":0,"comment_status":"closed","ping_status":"closed","template":"","meta":{"footnotes":""},"class_list":["post-209","page","type-page","status-publish","hentry"],"_links":{"self":[{"href":"https:\/\/www.boonsictbeheer.nl\/tr\/wp-json\/wp\/v2\/pages\/209","targetHints":{"allow":["GET"]}}],"collection":[{"href":"https:\/\/www.boonsictbeheer.nl\/tr\/wp-json\/wp\/v2\/pages"}],"about":[{"href":"https:\/\/www.boonsictbeheer.nl\/tr\/wp-json\/wp\/v2\/types\/page"}],"author":[{"embeddable":true,"href":"https:\/\/www.boonsictbeheer.nl\/tr\/wp-json\/wp\/v2\/users\/1"}],"replies":[{"embeddable":true,"href":"https:\/\/www.boonsictbeheer.nl\/tr\/wp-json\/wp\/v2\/comments?post=209"}],"version-history":[{"count":1,"href":"https:\/\/www.boonsictbeheer.nl\/tr\/wp-json\/wp\/v2\/pages\/209\/revisions"}],"predecessor-version":[{"id":210,"href":"https:\/\/www.boonsictbeheer.nl\/tr\/wp-json\/wp\/v2\/pages\/209\/revisions\/210"}],"wp:attachment":[{"href":"https:\/\/www.boonsictbeheer.nl\/tr\/wp-json\/wp\/v2\/media?parent=209"}],"curies":[{"name":"wp","href":"https:\/\/api.w.org\/{rel}","templated":true}]}}