{"id":364,"date":"2026-04-01T20:02:48","date_gmt":"2026-04-01T18:02:48","guid":{"rendered":"https:\/\/www.boonsictbeheer.nl\/?page_id=364"},"modified":"2026-04-01T20:02:48","modified_gmt":"2026-04-01T18:02:48","slug":"consultancy-technical","status":"publish","type":"page","link":"https:\/\/www.boonsictbeheer.nl\/ro\/consultancy-technical\/","title":{"rendered":"Consultan\u021b\u0103 tehnic\u0103"},"content":{"rendered":"<h2 class=\"wp-block-heading\"><strong>Consultan\u021b\u0103 \u00een PKI, Criptografie \u0219i Infrastructur\u0103 Securizat\u0103<\/strong><\/h2>\n\n\n\n<h2 class=\"wp-block-heading\"><strong>Domenii de expertiz\u0103<\/strong><\/h2>\n\n\n\n<h3 class=\"wp-block-heading\"><strong>PKI \u0219i Servicii de Certificate<\/strong><\/h3>\n\n\n\n<ul class=\"wp-block-list\">\n<li>Proiectarea \u0219i implementarea infrastructurii cu chei publice<\/li>\n\n\n\n<li>Configurare Root CA \/ Sub CA<\/li>\n\n\n\n<li>Managementul ciclului de via\u021b\u0103 al certificatelor<\/li>\n\n\n\n<li>Ceremonii cheie \u0219i guvernan\u021b\u0103<\/li>\n\n\n\n<li>Migrarea mediilor PKI existente<\/li>\n<\/ul>\n\n\n\n<h3 class=\"wp-block-heading\"><strong>Integrare HSM<\/strong><\/h3>\n\n\n\n<ul class=\"wp-block-list\">\n<li>Module de securitate hardware (Thales, Utimaco, SafeNet)<\/li>\n\n\n\n<li>Gestionarea \u0219i stocarea sigur\u0103 a cheilor<\/li>\n\n\n\n<li>Integrare cu fluxuri de semnare, criptare \u0219i autentificare<\/li>\n\n\n\n<li>Configura\u021bii conforme cu FIPS<\/li>\n<\/ul>\n\n\n\n<h3 class=\"wp-block-heading\"><strong>Criptografie \u0219i Servicii de \u00cencredere<\/strong><\/h3>\n\n\n\n<ul class=\"wp-block-list\">\n<li>Generare sigur\u0103 de chei<\/li>\n\n\n\n<li>Fluxuri de lucru de semnare digital\u0103<\/li>\n\n\n\n<li>Consolidarea TLS\/SSL<\/li>\n\n\n\n<li>Semnarea codului \u0219i semnarea documentelor<\/li>\n\n\n\n<li>Audituri \u0219i evalu\u0103ri criptografice<\/li>\n<\/ul>\n\n\n\n<h3 class=\"wp-block-heading\"><strong>Guvernan\u021b\u0103 de Conformitate \u0219i Securitate<\/strong><\/h3>\n\n\n\n<ul class=\"wp-block-list\">\n<li>NIS2<\/li>\n\n\n\n<li>ISO 27001<\/li>\n\n\n\n<li>ETSI EN 319 411 \/ 421<\/li>\n\n\n\n<li>Jurnalizare, monitorizare \u0219i jurnale de audit<\/li>\n\n\n\n<li>Proiectare securizat\u0103 bazat\u0103 pe politici<\/li>\n<\/ul>\n\n\n\n<h3 class=\"wp-block-heading\"><strong>Infrastructur\u0103 fiabil\u0103<\/strong><\/h3>\n\n\n\n<ul class=\"wp-block-list\">\n<li>Arhitectur\u0103 de re\u021bea securizat\u0103<\/li>\n\n\n\n<li>Medii Linux \/ RHEL \u00eent\u0103rite<\/li>\n\n\n\n<li>Copie de rezerv\u0103 \u0219i recuperare \u00een caz de dezastru (inclusiv REAR)<\/li>\n\n\n\n<li>Proiectarea unui sistem cu disponibilitate ridicat\u0103 \u0219i rezilien\u021b\u0103<\/li>\n<\/ul>\n\n\n\n<h2 class=\"wp-block-heading\"><strong>Abordare<\/strong><\/h2>\n\n\n\n<ul class=\"wp-block-list\">\n<li>Cu baz\u0103 tehnic\u0103<\/li>\n\n\n\n<li>F\u0103r\u0103 marketing, f\u0103r\u0103 zgomot<\/li>\n\n\n\n<li>Documenta\u021bie clar\u0103<\/li>\n\n\n\n<li>Configur\u0103ri reproductibile<\/li>\n\n\n\n<li>Securitate pe primul loc, bazat pe dovezi<\/li>\n<\/ul>","protected":false},"excerpt":{"rendered":"<p>Consultancy in PKI, Cryptography and Secure Infrastructure Areas of Expertise PKI &amp; Certificate Services HSM Integration Cryptography &amp; Trust Services Compliance &amp; Security Governance Reliable Infrastructure Approach<\/p>","protected":false},"author":2,"featured_media":0,"parent":0,"menu_order":0,"comment_status":"closed","ping_status":"closed","template":"","meta":{"footnotes":""},"class_list":["post-364","page","type-page","status-publish","hentry"],"_links":{"self":[{"href":"https:\/\/www.boonsictbeheer.nl\/ro\/wp-json\/wp\/v2\/pages\/364","targetHints":{"allow":["GET"]}}],"collection":[{"href":"https:\/\/www.boonsictbeheer.nl\/ro\/wp-json\/wp\/v2\/pages"}],"about":[{"href":"https:\/\/www.boonsictbeheer.nl\/ro\/wp-json\/wp\/v2\/types\/page"}],"author":[{"embeddable":true,"href":"https:\/\/www.boonsictbeheer.nl\/ro\/wp-json\/wp\/v2\/users\/2"}],"replies":[{"embeddable":true,"href":"https:\/\/www.boonsictbeheer.nl\/ro\/wp-json\/wp\/v2\/comments?post=364"}],"version-history":[{"count":1,"href":"https:\/\/www.boonsictbeheer.nl\/ro\/wp-json\/wp\/v2\/pages\/364\/revisions"}],"predecessor-version":[{"id":365,"href":"https:\/\/www.boonsictbeheer.nl\/ro\/wp-json\/wp\/v2\/pages\/364\/revisions\/365"}],"wp:attachment":[{"href":"https:\/\/www.boonsictbeheer.nl\/ro\/wp-json\/wp\/v2\/media?parent=364"}],"curies":[{"name":"wp","href":"https:\/\/api.w.org\/{rel}","templated":true}]}}