{"id":209,"date":"2026-03-28T11:17:03","date_gmt":"2026-03-28T10:17:03","guid":{"rendered":"https:\/\/www.boonsictbeheer.nl\/?page_id=209"},"modified":"2026-03-28T11:17:03","modified_gmt":"2026-03-28T10:17:03","slug":"despre-mine","status":"publish","type":"page","link":"https:\/\/www.boonsictbeheer.nl\/ro\/about-me\/","title":{"rendered":"Despre mine"},"content":{"rendered":"<p>Lucrez ca specialist \u00een opera\u021biuni PKI tactice \u0219i tehnice \u00eentr-un mediu foarte securizat la KPN, unde sunt responsabil de gestionarea aplica\u021biilor \u0219i serverelor \u00eentr-un centru de date foarte bine protejat. Munca mea se concentreaz\u0103 pe infrastructura cu chei publice (PKI) \u0219i pe emiterea \u0219i gestionarea ciclului de via\u021b\u0103 al certificatelor la cel mai \u00eenalt nivel de securitate din \u021a\u0103rile de Jos.<\/p>\n\n\n\n<p>Operarea \u00een astfel de medii necesit\u0103 o abordare disciplinat\u0103 \u0219i precis\u0103. Zilnic, lucrez \u00een cadre stricte de securitate care includ controale biometrice ale accesului, separarea sarcinilor \u0219i principiul celor patru ochi. Aceste controale nu sunt formalit\u0103\u021bi procedurale, ci mecanisme esen\u021biale pentru a asigura \u00eencrederea, responsabilitatea \u0219i integritatea opera\u021bional\u0103 \u00een cadrul infrastructurii critice.<\/p>\n\n\n\n<p>Expertiza mea se bazeaz\u0103 pe administrarea sistemelor Linux, PKI \u0219i tehnologii middleware precum Apache Tomcat, JBoss \u0219i IBM WebSphere. Sunt motivat de rezolvarea provoc\u0103rilor tehnice complexe \u0219i de consolidarea rezilien\u021bei \u0219i securit\u0103\u021bii sistemelor de care depind organiza\u021biile. Cu un accent puternic pe calitate, corectitudine \u0219i mentenabilitate pe termen lung, contribui \u00een cadrul echipelor multidisciplinare la solu\u021bii care \u00eendeplinesc cerin\u021be stricte de conformitate, guvernan\u021b\u0103 \u0219i securitate.<\/p>\n\n\n\n<p>Boons ICT Beheer<br>Tus-it-services B.V.<br>Edwin Boons<br>Stallinge 12<br>5258 JX Berlicum<br>0031642576971<\/p>\n\n\n\n<p><\/p>","protected":false},"excerpt":{"rendered":"<p>I work as a tactical and technical PKI operations specialist within a highly secured environment at KPN, where I am responsible for managing applications and servers in a heavily protected datacenter. My work focuses on Public Key Infrastructure (PKI) and the issuance and lifecycle management of certificates at the highest security level in the Netherlands. [&hellip;]<\/p>\n","protected":false},"author":1,"featured_media":0,"parent":0,"menu_order":0,"comment_status":"closed","ping_status":"closed","template":"","meta":{"footnotes":""},"class_list":["post-209","page","type-page","status-publish","hentry"],"_links":{"self":[{"href":"https:\/\/www.boonsictbeheer.nl\/ro\/wp-json\/wp\/v2\/pages\/209","targetHints":{"allow":["GET"]}}],"collection":[{"href":"https:\/\/www.boonsictbeheer.nl\/ro\/wp-json\/wp\/v2\/pages"}],"about":[{"href":"https:\/\/www.boonsictbeheer.nl\/ro\/wp-json\/wp\/v2\/types\/page"}],"author":[{"embeddable":true,"href":"https:\/\/www.boonsictbeheer.nl\/ro\/wp-json\/wp\/v2\/users\/1"}],"replies":[{"embeddable":true,"href":"https:\/\/www.boonsictbeheer.nl\/ro\/wp-json\/wp\/v2\/comments?post=209"}],"version-history":[{"count":1,"href":"https:\/\/www.boonsictbeheer.nl\/ro\/wp-json\/wp\/v2\/pages\/209\/revisions"}],"predecessor-version":[{"id":210,"href":"https:\/\/www.boonsictbeheer.nl\/ro\/wp-json\/wp\/v2\/pages\/209\/revisions\/210"}],"wp:attachment":[{"href":"https:\/\/www.boonsictbeheer.nl\/ro\/wp-json\/wp\/v2\/media?parent=209"}],"curies":[{"name":"wp","href":"https:\/\/api.w.org\/{rel}","templated":true}]}}