{"id":364,"date":"2026-04-01T20:02:48","date_gmt":"2026-04-01T18:02:48","guid":{"rendered":"https:\/\/www.boonsictbeheer.nl\/?page_id=364"},"modified":"2026-04-01T20:02:48","modified_gmt":"2026-04-01T18:02:48","slug":"conseil-technique","status":"publish","type":"page","link":"https:\/\/www.boonsictbeheer.nl\/fr\/consultancy-technical\/","title":{"rendered":"Consulting technique"},"content":{"rendered":"<h2 class=\"wp-block-heading\"><strong>Conseil en PKI, cryptographie et infrastructure s\u00e9curis\u00e9e<\/strong><\/h2>\n\n\n\n<h2 class=\"wp-block-heading\"><strong>Domaines d'expertise<\/strong><\/h2>\n\n\n\n<h3 class=\"wp-block-heading\"><strong>PKI et services de certificats<\/strong><\/h3>\n\n\n\n<ul class=\"wp-block-list\">\n<li>Conception et mise en \u0153uvre d'une infrastructure \u00e0 cl\u00e9 publique<\/li>\n\n\n\n<li>Configuration CA racine \/ CA subordonn\u00e9e<\/li>\n\n\n\n<li>Gestion du cycle de vie des certificats<\/li>\n\n\n\n<li>C\u00e9r\u00e9monies cl\u00e9s et gouvernance<\/li>\n\n\n\n<li>Migration des environnements PKI existants<\/li>\n<\/ul>\n\n\n\n<h3 class=\"wp-block-heading\"><strong>Int\u00e9gration HSM<\/strong><\/h3>\n\n\n\n<ul class=\"wp-block-list\">\n<li>Modules de s\u00e9curit\u00e9 mat\u00e9rielle (Thales, Utimaco, SafeNet)<\/li>\n\n\n\n<li>Gestion et stockage s\u00e9curis\u00e9s des cl\u00e9s<\/li>\n\n\n\n<li>Int\u00e9gration avec les flux de signature, de chiffrement et d'authentification<\/li>\n\n\n\n<li>Configurations conformes FIPS<\/li>\n<\/ul>\n\n\n\n<h3 class=\"wp-block-heading\"><strong>Cryptographie et services de confiance<\/strong><\/h3>\n\n\n\n<ul class=\"wp-block-list\">\n<li>G\u00e9n\u00e9ration de cl\u00e9 s\u00e9curis\u00e9e<\/li>\n\n\n\n<li>Flux de signature num\u00e9rique<\/li>\n\n\n\n<li>Durcissement TLS\/SSL<\/li>\n\n\n\n<li>Signature de code et signature de document<\/li>\n\n\n\n<li>Audits et \u00e9valuations cryptographiques<\/li>\n<\/ul>\n\n\n\n<h3 class=\"wp-block-heading\"><strong>Gouvernance de la conformit\u00e9 et de la s\u00e9curit\u00e9<\/strong><\/h3>\n\n\n\n<ul class=\"wp-block-list\">\n<li>NIS2<\/li>\n\n\n\n<li>ISO 27001<\/li>\n\n\n\n<li>ETSI EN 319 411 \/ 421<\/li>\n\n\n\n<li>Journalisation, surveillance et pistes d'audit<\/li>\n\n\n\n<li>Conception de s\u00e9curit\u00e9 ax\u00e9e sur les politiques<\/li>\n<\/ul>\n\n\n\n<h3 class=\"wp-block-heading\"><strong>Infrastructure fiable<\/strong><\/h3>\n\n\n\n<ul class=\"wp-block-list\">\n<li>Architecture r\u00e9seau s\u00e9curis\u00e9e<\/li>\n\n\n\n<li>Environnements Linux \/ RHEL durcis<\/li>\n\n\n\n<li>Sauvegarde et reprise apr\u00e8s sinistre (y compris REAR)<\/li>\n\n\n\n<li>Conception de syst\u00e8mes \u00e0 haute disponibilit\u00e9 et r\u00e9silients<\/li>\n<\/ul>\n\n\n\n<h2 class=\"wp-block-heading\"><strong>Approche<\/strong><\/h2>\n\n\n\n<ul class=\"wp-block-list\">\n<li>Techniquement fond\u00e9<\/li>\n\n\n\n<li>Pas de marketing, pas de bruit<\/li>\n\n\n\n<li>Documentation claire<\/li>\n\n\n\n<li>Configurations reproductibles<\/li>\n\n\n\n<li>La s\u00e9curit\u00e9 avant tout, ax\u00e9 sur les preuves<\/li>\n<\/ul>","protected":false},"excerpt":{"rendered":"<p>Consultancy in PKI, Cryptography and Secure Infrastructure Areas of Expertise PKI &amp; Certificate Services HSM Integration Cryptography &amp; Trust Services Compliance &amp; Security Governance Reliable Infrastructure Approach<\/p>","protected":false},"author":2,"featured_media":0,"parent":0,"menu_order":0,"comment_status":"closed","ping_status":"closed","template":"","meta":{"footnotes":""},"class_list":["post-364","page","type-page","status-publish","hentry"],"_links":{"self":[{"href":"https:\/\/www.boonsictbeheer.nl\/fr\/wp-json\/wp\/v2\/pages\/364","targetHints":{"allow":["GET"]}}],"collection":[{"href":"https:\/\/www.boonsictbeheer.nl\/fr\/wp-json\/wp\/v2\/pages"}],"about":[{"href":"https:\/\/www.boonsictbeheer.nl\/fr\/wp-json\/wp\/v2\/types\/page"}],"author":[{"embeddable":true,"href":"https:\/\/www.boonsictbeheer.nl\/fr\/wp-json\/wp\/v2\/users\/2"}],"replies":[{"embeddable":true,"href":"https:\/\/www.boonsictbeheer.nl\/fr\/wp-json\/wp\/v2\/comments?post=364"}],"version-history":[{"count":1,"href":"https:\/\/www.boonsictbeheer.nl\/fr\/wp-json\/wp\/v2\/pages\/364\/revisions"}],"predecessor-version":[{"id":365,"href":"https:\/\/www.boonsictbeheer.nl\/fr\/wp-json\/wp\/v2\/pages\/364\/revisions\/365"}],"wp:attachment":[{"href":"https:\/\/www.boonsictbeheer.nl\/fr\/wp-json\/wp\/v2\/media?parent=364"}],"curies":[{"name":"wp","href":"https:\/\/api.w.org\/{rel}","templated":true}]}}