{"id":260,"date":"2026-03-29T01:07:57","date_gmt":"2026-03-29T00:07:57","guid":{"rendered":"https:\/\/www.boonsictbeheer.nl\/?page_id=260"},"modified":"2026-03-30T06:22:11","modified_gmt":"2026-03-30T04:22:11","slug":"obscurite","status":"publish","type":"page","link":"https:\/\/www.boonsictbeheer.nl\/fr\/obscurity\/","title":{"rendered":"Obscurit\u00e9"},"content":{"rendered":"<p>S\u00e9curit\u00e9 sans obscurit\u00e9,<\/p>\n<h6>\nLe contenu de cet article est inspir\u00e9 des principes principaux abord\u00e9s dans Security Without Obscurity, 2\u00e8me \u00e9dition. Tout le texte est r\u00e9dig\u00e9 ind\u00e9pendamment et n'inclut aucune citation verbatim.<strong>.<\/strong><\/h6>\n<p><strong>Message principal :<\/strong><\/p>\n<p>Security Without Obscurity, 2e \u00e9dition remet en question la croyance de longue date selon laquelle la dissimulation des d\u00e9tails du syst\u00e8me cr\u00e9e une protection plus solide. L'auteur soutient que la v\u00e9ritable cybers\u00e9curit\u00e9 repose sur des principes de s\u00e9curit\u00e9 transparents, v\u00e9rifiables et bien test\u00e9s, et non sur le secret ou l'obscurit\u00e9. Les syst\u00e8mes doivent rester s\u00e9curis\u00e9s m\u00eame lorsque les attaquants comprennent leur fonctionnement. Cette id\u00e9e constitue le fondement de l'ing\u00e9nierie de s\u00e9curit\u00e9 moderne et s'aligne sur les principes cryptographiques \u00e9tablis.<br \/>\nPourquoi la \u201c s\u00e9curit\u00e9 par l'obscurit\u00e9 \u201d \u00e9choue dans les environnements modernes<br \/>\nLe livre explique que s'appuyer sur des configurations cach\u00e9es, des comportements non document\u00e9s ou des conceptions de syst\u00e8mes secr\u00e8tes cr\u00e9e une posture de s\u00e9curit\u00e9 fragile. D\u00e8s qu'un seul d\u00e9tail est divulgu\u00e9 \u2014 ou qu'un attaquant effectue une r\u00e9tro-ing\u00e9nierie du syst\u00e8me \u2014 toute la d\u00e9fense s'effondre. Au lieu de cacher les faiblesses, les organisations devraient se concentrer sur :<\/p>\n<p>\u2013 m\u00e9canismes de s\u00e9curit\u00e9 ouverts et \u00e9valu\u00e9s par les pairs<br \/>\n\u2013 authentification forte et chiffrement<br \/>\n\u2013 comportement pr\u00e9visible et v\u00e9rifiable du syst\u00e8me<\/p>\n<p>Cette approche garantit que la s\u00e9curit\u00e9 ne d\u00e9pend pas de la chance ou du secret, mais d'une r\u00e9silience \u00e9prouv\u00e9e.<\/p>\n<p><strong>Normes ouvertes et pratiques de s\u00e9curit\u00e9 transparentes :<\/strong><\/p>\n<p>Un th\u00e8me majeur du livre est l'importance des standards ouverts. Les technologies qui sont test\u00e9es publiquement et largement scrut\u00e9es ont tendance \u00e0 \u00eatre plus s\u00e9curis\u00e9es que les solutions propri\u00e9taires ou obscures. L'auteur souligne comment la transparence permet :<\/p>\n<p>\u2013 d\u00e9tection plus rapide des vuln\u00e9rabilit\u00e9s<br \/>\n\u2013 am\u00e9liorations pilot\u00e9es par la communaut\u00e9<br \/>\nfiabilit\u00e9 \u00e0 long terme<br \/>\n\u2013 conformit\u00e9 et audit simplifi\u00e9s<\/p>\n<p>Cela s'aligne sur le mouvement plus large des cadres de s\u00e9curit\u00e9 ouverts et de l'infrastructure reproductible.<\/p>\n<p><strong>La gestion des risques comme fondement de la cybers\u00e9curit\u00e9<\/strong><\/p>\n<p>Plut\u00f4t que de traiter la s\u00e9curit\u00e9 comme une simple liste de contr\u00f4le ou un ensemble d'outils, le livre la pr\u00e9sente comme un processus continu de gestion des risques. Les programmes de s\u00e9curit\u00e9 efficaces :<\/p>\n<p>\u2013 identifier les menaces r\u00e9alistes<\/p>\n<p>\u2013 prioriser en fonction de l'impact et de la probabilit\u00e9<\/p>\n<p>\u2013 allouer les ressources l\u00e0 o\u00f9 elles comptent le plus<\/p>\n<p>s'adapter aux nouvelles informations et aux risques en \u00e9volution<\/p>\n<p>\u2013 Cette mentalit\u00e9 aide les organisations \u00e0 \u00e9viter la sur-ing\u00e9nierie dans les domaines \u00e0 faible risque tout en renfor\u00e7ant les d\u00e9fenses l\u00e0 o\u00f9 elles sont n\u00e9cessaires.<\/p>\n<p><strong>L'\u00e9l\u00e9ment humain dans la s\u00e9curit\u00e9<\/strong><\/p>\n<p>Le livre souligne que de nombreuses violations proviennent du comportement humain plut\u00f4t que de failles techniques. Les mots de passe faibles, les politiques peu claires et la mauvaise formation sapent souvent m\u00eame les meilleurs contr\u00f4les techniques. Pour y rem\u00e9dier, l'auteur pr\u00e9conise :<\/p>\n<p>pratiques de s\u00e9curit\u00e9 conviviales<\/p>\n<p>communication claire<\/p>\n<p>\u2013 des attentes r\u00e9alistes pour les employ\u00e9s<\/p>\n<p>\u2013 formation continue et sensibilisation<\/p>\n<p>\u2013 La s\u00e9curit\u00e9 ne r\u00e9ussit que lorsque les gens peuvent suivre les r\u00e8gles sans friction.<\/p>\n<p><strong>S\u00e9curit\u00e9 d\u00e8s la conception<\/strong><\/p>\n<p>principes pour construire des syst\u00e8mes r\u00e9silients<br \/>\nL'ouvrage pr\u00e9sente plusieurs principes de conception fondamentaux qui aident les organisations \u00e0 construire des syst\u00e8mes s\u00e9curis\u00e9s d\u00e8s le d\u00e9part :<\/p>\n<p><strong>D\u00e9fense en profondeur<\/strong><br \/>\nPlusieurs couches de protection garantissent qu'une seule d\u00e9faillance ne compromet pas l'ensemble du syst\u00e8me.<\/p>\n<p><strong>Principe du moindre privil\u00e8ge<\/strong><br \/>\n\u2013 Les utilisateurs et les services ne re\u00e7oivent que l'acc\u00e8s dont ils ont besoin, r\u00e9duisant ainsi la port\u00e9e des erreurs ou des attaques.<\/p>\n<p><strong>Param\u00e8tres par d\u00e9faut s\u00e9curis\u00e9s<\/strong><br \/>\n\u2013 Les syst\u00e8mes devraient \u00eatre s\u00e9curis\u00e9s d\u00e8s leur sortie de l'emballage, afin de minimiser le risque de mauvaise configuration.<\/p>\n<p><strong>Auditabilit\u00e9<\/strong><br \/>\n\u2013 La journalisation, la surveillance et la tra\u00e7abilit\u00e9 sont essentielles pour d\u00e9tecter les incidents et am\u00e9liorer les d\u00e9fenses au fil du temps.<\/p>\n<p>Ces principes cr\u00e9ent une posture de s\u00e9curit\u00e9 robuste, pr\u00e9visible et plus facile \u00e0 maintenir.<\/p>\n<p><strong>Exemples concrets et le\u00e7ons apprises<\/strong><\/p>\n<p>Tout au long du livre, l'auteur utilise des incidents r\u00e9els pour illustrer comment les organisations r\u00e9p\u00e8tent souvent les m\u00eames erreurs \u2014 mauvaises configurations, contr\u00f4les d'acc\u00e8s faibles et d\u00e9pendance \u00e0 des param\u00e8tres cach\u00e9s. Ces exemples renforcent le message central : une s\u00e9curit\u00e9 transparente et bien con\u00e7ue surpasse syst\u00e9matiquement les approches bas\u00e9es sur l'obscurit\u00e9.<\/p>\n<p>\u2013 s\u00e9curit\u00e9 par l'obscurit\u00e9<br \/>\n\u2013 bonnes pratiques en cybers\u00e9curit\u00e9<br \/>\n\u2013 principes de s\u00e9curit\u00e9 d\u00e8s la conception<br \/>\n\u2013 d\u00e9fense en profondeur<br \/>\n\u2013 s\u00e9curit\u00e9 bas\u00e9e sur les risques<br \/>\n\u2013 standards de s\u00e9curit\u00e9 ouverts<br \/>\n\u2013 facteurs humains en cybers\u00e9curit\u00e9<\/p>","protected":false},"excerpt":{"rendered":"<p>Security Without Obscurity, The content in this article is inspired by the main principles discussed in Security Without Obscurity, 2nd Edition. All text is independently written and does not include any verbatim material. Core message: Security Without Obscurity, 2nd Edition challenges the long\u2011standing belief that hiding system details creates stronger protection. The author argues that [&hellip;]<\/p>\n","protected":false},"author":1,"featured_media":0,"parent":0,"menu_order":0,"comment_status":"closed","ping_status":"closed","template":"","meta":{"footnotes":""},"class_list":["post-260","page","type-page","status-publish","hentry"],"_links":{"self":[{"href":"https:\/\/www.boonsictbeheer.nl\/fr\/wp-json\/wp\/v2\/pages\/260","targetHints":{"allow":["GET"]}}],"collection":[{"href":"https:\/\/www.boonsictbeheer.nl\/fr\/wp-json\/wp\/v2\/pages"}],"about":[{"href":"https:\/\/www.boonsictbeheer.nl\/fr\/wp-json\/wp\/v2\/types\/page"}],"author":[{"embeddable":true,"href":"https:\/\/www.boonsictbeheer.nl\/fr\/wp-json\/wp\/v2\/users\/1"}],"replies":[{"embeddable":true,"href":"https:\/\/www.boonsictbeheer.nl\/fr\/wp-json\/wp\/v2\/comments?post=260"}],"version-history":[{"count":6,"href":"https:\/\/www.boonsictbeheer.nl\/fr\/wp-json\/wp\/v2\/pages\/260\/revisions"}],"predecessor-version":[{"id":359,"href":"https:\/\/www.boonsictbeheer.nl\/fr\/wp-json\/wp\/v2\/pages\/260\/revisions\/359"}],"wp:attachment":[{"href":"https:\/\/www.boonsictbeheer.nl\/fr\/wp-json\/wp\/v2\/media?parent=260"}],"curies":[{"name":"wp","href":"https:\/\/api.w.org\/{rel}","templated":true}]}}