{"id":219,"date":"2026-03-28T12:44:50","date_gmt":"2026-03-28T11:44:50","guid":{"rendered":"https:\/\/www.boonsictbeheer.nl\/?page_id=219"},"modified":"2026-03-29T12:55:06","modified_gmt":"2026-03-29T10:55:06","slug":"consultancy","status":"publish","type":"page","link":"https:\/\/www.boonsictbeheer.nl\/de\/consultancy\/","title":{"rendered":"Beratung"},"content":{"rendered":"<p>Dienstleistungen &amp; Fachwissen<\/p>\n\n\n\n<p>Boons ICT Beheer unterst\u00fctzt Unternehmen bei der Sicherung ihrer digitalen Identit\u00e4t \u00fcber den gesamten Sicherheitslebenszyklus hinweg - von der Vorbereitung und dem Schutz bis hin zur Erkennung, Reaktion und Wiederherstellung. Wir entwickeln und betreiben Sicherheitsl\u00f6sungen, die auf Vertrauen, Widerstandsf\u00e4higkeit und langfristiger Wartbarkeit beruhen.<br>Unser Schwerpunkt liegt auf Public Key Infrastructure (PKI), digitaler Identit\u00e4t und konformit\u00e4tsorientierter Sicherheit. Wir unterst\u00fctzen Unternehmen bei der Entwicklung, Implementierung und Verwaltung von PKI-Umgebungen, die zuverl\u00e4ssig, \u00fcberpr\u00fcfbar und f\u00fcr kritische Vorg\u00e4nge geeignet sind. Durch die Kombination von technischem Fachwissen mit klarer Governance und Lifecycle-Management stellen wir sicher, dass Zertifikate und Identit\u00e4ten w\u00e4hrend ihrer gesamten Lebensdauer sicher bleiben.<br>Sicherheit wird nicht als eigenst\u00e4ndiges Produkt behandelt, sondern als integrierter Bestandteil Ihrer IT-Landschaft - abgestimmt auf die Risikostrategie, die betrieblichen Prozesse und die gesetzlichen Anforderungen.<\/p>\n\n\n\n<p>Bewertung, Konzeption und Umsetzung von Sicherheitsarchitekturen mit Schwerpunkt auf PKI, Identit\u00e4t und Compliance<br>Implementierung und Verwaltung von Public Key Infrastructure-Umgebungen<br>Definition von PKI-Richtlinien, -Prozessen und -Governance-Strukturen<br>Durchf\u00fchrung von PKI-Verbesserungen, einschlie\u00dflich Upgrades, Verwaltung des Lebenszyklus von Zertifikaten und Prozessoptimierung<br>Integration von Sicherheitskontrollen in bestehende Systeme und Arbeitsabl\u00e4ufe in Zusammenarbeit mit technischen und Risikobeteiligten<\/p>\n\n\n\n<p>Sichere digitale Identit\u00e4t \u00fcber den gesamten Sicherheitslebenszyklus<br>Boons ICT Beheer unterst\u00fctzt Unternehmen bei der Sicherung ihrer digitalen Identit\u00e4t \u00fcber den gesamten Sicherheitslebenszyklus hinweg - von der Vorbereitung und dem Schutz bis hin zur Erkennung, Reaktion und Wiederherstellung. Wir entwickeln und betreiben Sicherheitsl\u00f6sungen, die auf Vertrauen, Widerstandsf\u00e4higkeit und langfristiger Wartbarkeit basieren.<\/p>\n\n\n\n<p>Unser Schwerpunkt liegt auf Public Key Infrastructure (PKI), digitaler Identit\u00e4t und konformit\u00e4tsorientierter Sicherheit. Wir unterst\u00fctzen Unternehmen bei der Entwicklung, Implementierung und Verwaltung von PKI-Umgebungen, die zuverl\u00e4ssig, \u00fcberpr\u00fcfbar und f\u00fcr kritische Vorg\u00e4nge geeignet sind. Durch die Kombination von fundiertem technischem Fachwissen mit klarer Governance und Lifecycle-Management bleiben Zertifikate und Identit\u00e4ten w\u00e4hrend ihrer gesamten Lebensdauer sicher.<\/p>\n\n\n\n<p>Sicherheit wird nicht als eigenst\u00e4ndiges Produkt behandelt, sondern als integrierter Bestandteil der IT-Landschaft - abgestimmt auf die Risikostrategie, die betrieblichen Abl\u00e4ufe und die gesetzlichen Anforderungen.<\/p>\n\n\n\n<p>Bewertung, Entwurf und Implementierung von Sicherheitsarchitekturen mit Schwerpunkt auf PKI, Identit\u00e4t und ComplianceImplementierung und Verwaltung von Public Key Infrastructure-UmgebungenDefinition von PKI-Richtlinien, -Prozessen und -Governance-StrukturenAusf\u00fchrung von PKI-Verbesserungen, einschlie\u00dflich Upgrades, Zertifikats-Lebenszyklusmanagement und ProzessoptimierungIntegration von Sicherheitskontrollen in bestehende Systeme und Arbeitsabl\u00e4ufe in Zusammenarbeit mit technischen und Risiko-Stakeholdern<\/p>","protected":false},"excerpt":{"rendered":"<p>Services &amp; Expertise Boons ICT Beheer helps organizations secure their digital identity across the entire security lifecycle \u2014 from preparation and protection to detection, response, and recovery. We design and operate security solutions that are built on trust, resilience, and long\u2011term maintainability.Our focus lies in Public Key Infrastructure (PKI), digital identity, and compliance\u2011driven security. We [&hellip;]<\/p>\n","protected":false},"author":1,"featured_media":0,"parent":0,"menu_order":0,"comment_status":"closed","ping_status":"closed","template":"","meta":{"footnotes":""},"class_list":["post-219","page","type-page","status-publish","hentry"],"_links":{"self":[{"href":"https:\/\/www.boonsictbeheer.nl\/de\/wp-json\/wp\/v2\/pages\/219","targetHints":{"allow":["GET"]}}],"collection":[{"href":"https:\/\/www.boonsictbeheer.nl\/de\/wp-json\/wp\/v2\/pages"}],"about":[{"href":"https:\/\/www.boonsictbeheer.nl\/de\/wp-json\/wp\/v2\/types\/page"}],"author":[{"embeddable":true,"href":"https:\/\/www.boonsictbeheer.nl\/de\/wp-json\/wp\/v2\/users\/1"}],"replies":[{"embeddable":true,"href":"https:\/\/www.boonsictbeheer.nl\/de\/wp-json\/wp\/v2\/comments?post=219"}],"version-history":[{"count":5,"href":"https:\/\/www.boonsictbeheer.nl\/de\/wp-json\/wp\/v2\/pages\/219\/revisions"}],"predecessor-version":[{"id":334,"href":"https:\/\/www.boonsictbeheer.nl\/de\/wp-json\/wp\/v2\/pages\/219\/revisions\/334"}],"wp:attachment":[{"href":"https:\/\/www.boonsictbeheer.nl\/de\/wp-json\/wp\/v2\/media?parent=219"}],"curies":[{"name":"wp","href":"https:\/\/api.w.org\/{rel}","templated":true}]}}