{"id":199,"date":"2026-03-28T10:51:14","date_gmt":"2026-03-28T09:51:14","guid":{"rendered":"https:\/\/www.boonsictbeheer.nl\/?page_id=199"},"modified":"2026-04-01T20:18:58","modified_gmt":"2026-04-01T18:18:58","slug":"dienstleistungen","status":"publish","type":"page","link":"https:\/\/www.boonsictbeheer.nl\/de\/services\/","title":{"rendered":"Dienstleistungen"},"content":{"rendered":"<div class=\"wp-block-columns is-layout-flex wp-container-core-columns-is-layout-9d6595d7 wp-block-columns-is-layout-flex\">\n<div class=\"wp-block-column is-layout-flow wp-block-column-is-layout-flow\">\n<div class=\"wp-block-columns is-layout-flex wp-container-core-columns-is-layout-9d6595d7 wp-block-columns-is-layout-flex\">\n<div class=\"wp-block-column is-layout-flow wp-block-column-is-layout-flow\">\n<div class=\"wp-block-group\"><div class=\"wp-block-group__inner-container is-layout-constrained wp-block-group-is-layout-constrained\"><div class=\"wp-block-image\">\n<figure class=\"aligncenter size-large is-resized\"><a href=\"https:\/\/www.boonsictbeheer.nl\/de\/pki\/\"><img loading=\"lazy\" decoding=\"async\" width=\"1024\" height=\"618\" src=\"https:\/\/www.boonsictbeheer.nl\/wp-content\/uploads\/Screenshot-2026-03-28-123828-1-1024x618.png\" alt=\"\" class=\"wp-image-218\" style=\"aspect-ratio:1.6569239868714747;width:244px;height:auto\" srcset=\"https:\/\/www.boonsictbeheer.nl\/wp-content\/uploads\/Screenshot-2026-03-28-123828-1-1024x618.png 1024w, https:\/\/www.boonsictbeheer.nl\/wp-content\/uploads\/Screenshot-2026-03-28-123828-1-300x181.png 300w, https:\/\/www.boonsictbeheer.nl\/wp-content\/uploads\/Screenshot-2026-03-28-123828-1-768x464.png 768w, https:\/\/www.boonsictbeheer.nl\/wp-content\/uploads\/Screenshot-2026-03-28-123828-1.png 1312w\" sizes=\"auto, (max-width: 1024px) 100vw, 1024px\" \/><\/a><\/figure>\n<\/div><\/div><\/div>\n\n\n\n<div class=\"wp-block-group\"><div class=\"wp-block-group__inner-container is-layout-constrained wp-block-group-is-layout-constrained\">\n<div class=\"wp-block-group\"><div class=\"wp-block-group__inner-container is-layout-constrained wp-block-group-is-layout-constrained\">\n<p class=\"has-text-align-left\">PKI sichert digitale Identit\u00e4ten durch die Verkn\u00fcpfung von Benutzern und Ger\u00e4ten mit kryptografischen Schl\u00fcsseln. Sie erm\u00f6glicht vertrauensw\u00fcrdige Authentifizierung, verschl\u00fcsselte Kommunikation und Compliance-gerechte Sicherheit in modernen IT-Umgebungen.<\/p>\n<\/div><\/div>\n<\/div><\/div>\n<\/div>\n\n\n\n<div class=\"wp-block-column is-layout-flow wp-block-column-is-layout-flow\"><div class=\"wp-block-image\">\n<figure class=\"aligncenter size-large is-resized\"><a href=\"https:\/\/www.boonsictbeheer.nl\/de\/Consultancy\/\"><img loading=\"lazy\" decoding=\"async\" width=\"1024\" height=\"714\" src=\"https:\/\/www.boonsictbeheer.nl\/wp-content\/uploads\/futuristic-technology-hologram-1-1024x714.jpg\" alt=\"\" class=\"wp-image-238\" style=\"aspect-ratio:1.433252875984413;width:212px;height:auto\" srcset=\"https:\/\/www.boonsictbeheer.nl\/wp-content\/uploads\/futuristic-technology-hologram-1-1024x714.jpg 1024w, https:\/\/www.boonsictbeheer.nl\/wp-content\/uploads\/futuristic-technology-hologram-1-300x209.jpg 300w, https:\/\/www.boonsictbeheer.nl\/wp-content\/uploads\/futuristic-technology-hologram-1-768x536.jpg 768w, https:\/\/www.boonsictbeheer.nl\/wp-content\/uploads\/futuristic-technology-hologram-1-1536x1072.jpg 1536w, https:\/\/www.boonsictbeheer.nl\/wp-content\/uploads\/futuristic-technology-hologram-1-2048x1429.jpg 2048w\" sizes=\"auto, (max-width: 1024px) 100vw, 1024px\" \/><\/a><\/figure>\n<\/div>\n\n\n<p>Sichere digitale Identit\u00e4t \u00fcber den gesamten Sicherheitslebenszyklus. Boons ICT Beheer unterst\u00fctzt Unternehmen dabei, ihre digitale Identit\u00e4t \u00fcber den gesamten Sicherheitslebenszyklus hinweg zu sichern - von der Vorbereitung und dem Schutz bis hin zur Erkennung, Reaktion und Wiederherstellung.<\/p>\n<\/div>\n<\/div>\n<\/div>\n<\/div>\n\n\n\n<div class=\"wp-block-columns is-layout-flex wp-container-core-columns-is-layout-9d6595d7 wp-block-columns-is-layout-flex\">\n<div class=\"wp-block-column is-layout-flow wp-block-column-is-layout-flow\"><div class=\"wp-block-image\">\n<figure class=\"aligncenter size-full is-resized\"><a href=\"\/de\/identitat\/\"><img loading=\"lazy\" decoding=\"async\" width=\"962\" height=\"632\" src=\"https:\/\/www.boonsictbeheer.nl\/wp-content\/uploads\/Schermafbeelding-2024-10-18-110945-3.png\" alt=\"\" class=\"wp-image-257\" style=\"aspect-ratio:1.5222222222222221;width:242px;height:auto\" srcset=\"https:\/\/www.boonsictbeheer.nl\/wp-content\/uploads\/Schermafbeelding-2024-10-18-110945-3.png 962w, https:\/\/www.boonsictbeheer.nl\/wp-content\/uploads\/Schermafbeelding-2024-10-18-110945-3-300x197.png 300w, https:\/\/www.boonsictbeheer.nl\/wp-content\/uploads\/Schermafbeelding-2024-10-18-110945-3-768x505.png 768w\" sizes=\"auto, (max-width: 962px) 100vw, 962px\" \/><\/a><\/figure>\n<\/div>\n\n\n<p>Identit\u00e4ts- und Zugriffsmanagement (IAM) ist die Cybersecurity-Disziplin, die sich mit der Bereitstellung und dem Schutz von digitalen Identit\u00e4ten und Benutzerzugriffsberechtigungen in einem IT-System befasst. IAM-Tools helfen dabei, sicherzustellen, dass die richtigen Personen zur richtigen Zeit aus den richtigen Gr\u00fcnden auf die richtigen Ressourcen zugreifen k\u00f6nnen.<\/p>\n<\/div>\n\n\n\n<div class=\"wp-block-column is-layout-flow wp-block-column-is-layout-flow\"><div class=\"wp-block-image\">\n<figure class=\"aligncenter size-large is-resized\"><a href=\"https:\/\/www.boonsictbeheer.nl\/de\/Obscurity\/\"><img loading=\"lazy\" decoding=\"async\" width=\"1024\" height=\"683\" src=\"https:\/\/www.boonsictbeheer.nl\/wp-content\/uploads\/Copilot_20260328_151411-1024x683.png\" alt=\"\" class=\"wp-image-259\" style=\"aspect-ratio:1.4992783367222382;width:235px;height:auto\" srcset=\"https:\/\/www.boonsictbeheer.nl\/wp-content\/uploads\/Copilot_20260328_151411-1024x683.png 1024w, https:\/\/www.boonsictbeheer.nl\/wp-content\/uploads\/Copilot_20260328_151411-300x200.png 300w, https:\/\/www.boonsictbeheer.nl\/wp-content\/uploads\/Copilot_20260328_151411-768x512.png 768w, https:\/\/www.boonsictbeheer.nl\/wp-content\/uploads\/Copilot_20260328_151411.png 1536w\" sizes=\"auto, (max-width: 1024px) 100vw, 1024px\" \/><\/a><\/figure>\n<\/div>\n\n\n<p>Sicherheitsma\u00dfnahmen verst\u00e4rken den Schutz durch transparente, \u00fcberpr\u00fcfbare Kontrollen - nicht durch versteckte Mechanismen<strong>.<\/strong> Systeme bleiben auch dann sicher, wenn ihre Architektur vollst\u00e4ndig bekannt und verstanden ist. \u00dcberwachung, Reaktion und Lebenszyklusmanagement gew\u00e4hrleisten Ausfallsicherheit und Compliance. Die Sicherheit wird durch das Design gew\u00e4hrleistet, nicht durch Geheimhaltung.<\/p>\n<\/div>\n<\/div>\n\n\n\n<div class=\"wp-block-columns is-layout-flex wp-container-core-columns-is-layout-9d6595d7 wp-block-columns-is-layout-flex\">\n<div class=\"wp-block-column is-layout-flow wp-block-column-is-layout-flow\"><div class=\"wp-block-image\">\n<figure class=\"aligncenter size-full is-resized\"><a href=\"\/de\/beratung-technik\/\"><img loading=\"lazy\" decoding=\"async\" width=\"300\" height=\"222\" src=\"https:\/\/www.boonsictbeheer.nl\/wp-content\/uploads\/Schermafbeelding-2024-10-18-114841-300x222-3.png\" alt=\"\" class=\"wp-image-366\" style=\"aspect-ratio:1.351306948044462;width:249px;height:auto\" srcset=\"https:\/\/www.boonsictbeheer.nl\/wp-content\/uploads\/Schermafbeelding-2024-10-18-114841-300x222-3.png 300w, https:\/\/www.boonsictbeheer.nl\/wp-content\/uploads\/Schermafbeelding-2024-10-18-114841-300x222-3-16x12.png 16w\" sizes=\"auto, (max-width: 300px) 100vw, 300px\" \/><\/a><\/figure>\n<\/div>\n\n\n<p class=\"has-text-align-left\">Boons ICT Beheer provides specialized consultancy in Public Key Infrastructure (PKI), cryptographic security, HSM integration and reliable IT architectures.<br>We support organizations that require strong security, compliance and trust\u2011based systems.<\/p>\n<\/div>\n\n\n\n<div class=\"wp-block-column is-layout-flow wp-block-column-is-layout-flow\"><\/div>\n<\/div>","protected":false},"excerpt":{"rendered":"<p>PKI secures digital identities by linking users and devices to cryptographic keys. It enables trusted authentication, encrypted communication, and compliance\u2011driven security across modern IT environments. Secure digital identity across the full security lifecycle. Boons ICT Beheer helps organizations secure their digital identity across the entire security lifecycle \u2014 from preparation and protection to detection, response, [&hellip;]<\/p>\n","protected":false},"author":1,"featured_media":0,"parent":0,"menu_order":0,"comment_status":"closed","ping_status":"closed","template":"","meta":{"footnotes":""},"class_list":["post-199","page","type-page","status-publish","hentry"],"_links":{"self":[{"href":"https:\/\/www.boonsictbeheer.nl\/de\/wp-json\/wp\/v2\/pages\/199","targetHints":{"allow":["GET"]}}],"collection":[{"href":"https:\/\/www.boonsictbeheer.nl\/de\/wp-json\/wp\/v2\/pages"}],"about":[{"href":"https:\/\/www.boonsictbeheer.nl\/de\/wp-json\/wp\/v2\/types\/page"}],"author":[{"embeddable":true,"href":"https:\/\/www.boonsictbeheer.nl\/de\/wp-json\/wp\/v2\/users\/1"}],"replies":[{"embeddable":true,"href":"https:\/\/www.boonsictbeheer.nl\/de\/wp-json\/wp\/v2\/comments?post=199"}],"version-history":[{"count":43,"href":"https:\/\/www.boonsictbeheer.nl\/de\/wp-json\/wp\/v2\/pages\/199\/revisions"}],"predecessor-version":[{"id":372,"href":"https:\/\/www.boonsictbeheer.nl\/de\/wp-json\/wp\/v2\/pages\/199\/revisions\/372"}],"wp:attachment":[{"href":"https:\/\/www.boonsictbeheer.nl\/de\/wp-json\/wp\/v2\/media?parent=199"}],"curies":[{"name":"wp","href":"https:\/\/api.w.org\/{rel}","templated":true}]}}